{"id":2641,"date":"2025-11-18T17:06:12","date_gmt":"2025-11-18T16:06:12","guid":{"rendered":"https:\/\/samarona.com\/buecher-samarona-buunk\/die-innere-fuehrung-der-liebe-von-samarona-buunk\/"},"modified":"2025-11-24T12:44:49","modified_gmt":"2025-11-24T11:44:49","slug":"die-innere-fuehrung-der-liebe-von-samarona-buunk","status":"publish","type":"page","link":"https:\/\/samarona.com\/nl\/buecher-samarona-buunk\/die-innere-fuehrung-der-liebe-von-samarona-buunk\/","title":{"rendered":"Die innere F\u00fchrung der Liebe von Samarona Buunk"},"content":{"rendered":"<div class=\"column one-third mobile-one\"><div class=\"mcb-column-inner\"><img loading=\"lazy\" decoding=\"async\" class=\"wp-image-1734 size-full alignleft\" style=\"z-index: 999; position: relative;\" src=\"https:\/\/samarona.com\/wp-content\/uploads\/2025\/11\/Die-innere-Fuehrung-der-Liebe_Cover.jpg\" alt=\"Samarona Buunk - Die innere F\u00fchrung der Liebe - Eine neue Vision der Beziehung Als Weg der Selbstentfaltung\" width=\"203\" height=\"307\" \/><br \/>\n<\/div><\/div>\n\n\n\n<div class=\"column two-third mobile-one\"><div class=\"mcb-column-inner\"><\/p>\n<p><hr class=\"no_line\" style=\"margin: 0 auto 30px auto\"\/>\n<\/p>\n<p style=\"font-size: 20px; color: #5a657e;\"><strong>DIE INNERE F\u00dcHRUNG DER LIEBE<\/strong><\/p>\n<p>Samarona Buunk &#8211; Die innere F\u00fchrung der Liebe &#8211; Eine neue Vision der Beziehung Als Weg der Selbstentfaltung<br \/>\n<em>von Samarona Buunk<\/em><\/p>\n<p><strong><a href=\"https:\/\/samarona.com\/wp-content\/uploads\/2025\/11\/Die-Innere-Fuehrung-der-Liebe-Seite-1-22.pdf\" target=\"_blank\" rel=\"noopener\">\u00bb Leseprobe <\/a><\/strong><br \/>\n<\/div><\/div>\n\n\n\n<a class=\"button buy-liebe button_size_2\" href=\"#\"     target=\"_blank\"    title=\"\"><span class=\"button_label\">Das Buch bestellen<\/span><\/a>\n\n\n\n<hr class=\"no_line\" style=\"margin: 0 auto 5px auto\"\/>\n\n\n\n\n<h3 class=\"wp-block-heading\">\u00dcber das Buch<\/h3>\n\n\n\n<p><strong>Die innere F\u00fchrung der Liebe<\/strong> ist das dritte Buch in einer <a href=\"https:\/\/samarona.com\/buecher-samarona-buunk\/\">Trilogie der Innenwelt<\/a>.<\/p>\n\n\n\n<p>Das erste Buch beschreibt die menschliche Suche nach dem Zuhause.<\/p>\n\n\n\n<p>Das zweite Buch die Suche nach dem Selbst und <strong>Die innere F\u00fchrung der Liebe <\/strong>beschreibt die Suche nach der Liebe.<strong>&nbsp;<\/strong><\/p>\n\n\n\n<p><strong>Die innere F\u00fchrung der Liebe<\/strong> erl\u00e4utert das transformative Potenzial des Herzens. Das Herz ist das Organ, das spirituelle Entwicklung und Selbstentfaltung erm\u00f6glicht.&nbsp;<\/p>\n\n\n\n<p>Der Autor beschreibt, wie verschiedene Weisheitstraditionen auf dem Weg des Herzens basieren.&nbsp;<\/p>\n\n\n\n<p><strong>Die innere F\u00fchrung der Liebe<\/strong> bietet eine neue Sichtweise auf Beziehungen. Geleitet von der Liebe k\u00f6nnen beide Partner an der Liebe wachsen und sich gegenseitig in ihrer individuellen Entfaltung unterst\u00fctzen.&nbsp;<\/p>\n\n\n\n<p>Es werden verschiedene Grundlagen erforscht, die eine gesunde Beziehung erm\u00f6glichen, so dass beide Partner an der Liebe wachsen k\u00f6nnen.<\/p>\n\n\n\n<p>Zu Beginn der \u201einneren Arbeit\u201c erleben wir unser Herz in Form von Emotionen und Gef\u00fchlen. Durch das Lernen der Lektionen der Liebe entwickelt sich im Laufe des Lebens mehr und mehr das \u201eessenzielle Herz\u201c. Es werden diverse Formen der essenzielle Liebe erforscht, und wir entdecken, dass das Herz nicht nur f\u00e4hig ist, uns zu f\u00fchren in der Gestaltung einer gesunden Liebesbeziehung, sondern dass das Herz uns erm\u00f6glichen kann, unser menschliches Potential bis zur vollst\u00e4ndigen Reifung unserer Seele zu realisieren.<\/p>\n\n\n<a class=\"button buy-liebe button_size_2\" href=\"#\"     target=\"_blank\"    title=\"\"><span class=\"button_label\">Das Buch bestellen<\/span><\/a>\n\n","protected":false},"excerpt":{"rendered":"<p>\u00dcber das Buch Die innere F\u00fchrung der Liebe ist das dritte Buch in einer Trilogie der Innenwelt. Das erste Buch beschreibt die menschliche Suche nach dem<span class=\"excerpt-hellip\"> [\u2026]<\/span><\/p>\n","protected":false},"author":1,"featured_media":0,"parent":397,"menu_order":0,"comment_status":"closed","ping_status":"closed","template":"","meta":{"_acf_changed":false,"episode_type":"","audio_file":"","podmotor_file_id":"","podmotor_episode_id":"","cover_image":"","cover_image_id":"","duration":"","filesize":"","filesize_raw":"","date_recorded":"","explicit":"","block":"","itunes_episode_number":"","itunes_title":"","itunes_season_number":"","itunes_episode_type":"","footnotes":""},"class_list":["post-2641","page","type-page","status-publish","hentry"],"acf":[],"yoast_head":"<!-- This site is optimized with the Yoast SEO plugin v27.3 - https:\/\/yoast.com\/product\/yoast-seo-wordpress\/ -->\n<title>Die innere F\u00fchrung der Liebe von Samarona Buunk - Samarona Buunk<\/title>\n<meta name=\"robots\" content=\"index, follow, max-snippet:-1, max-image-preview:large, max-video-preview:-1\" \/>\n<link rel=\"canonical\" href=\"https:\/\/samarona.com\/nl\/buecher-samarona-buunk\/die-innere-fuehrung-der-liebe-von-samarona-buunk\/\" \/>\n<meta property=\"og:locale\" content=\"nl_NL\" \/>\n<meta property=\"og:type\" content=\"article\" \/>\n<meta property=\"og:title\" content=\"Die innere F\u00fchrung der Liebe von Samarona Buunk - Samarona Buunk\" \/>\n<meta property=\"og:description\" content=\"\u00dcber das Buch Die innere F\u00fchrung der Liebe ist das dritte Buch in einer Trilogie der Innenwelt. Das erste Buch beschreibt die menschliche Suche nach dem [\u2026]\" \/>\n<meta property=\"og:url\" content=\"https:\/\/samarona.com\/nl\/buecher-samarona-buunk\/die-innere-fuehrung-der-liebe-von-samarona-buunk\/\" \/>\n<meta property=\"og:site_name\" content=\"Samarona Buunk\" \/>\n<meta property=\"article:modified_time\" content=\"2025-11-24T11:44:49+00:00\" \/>\n<meta property=\"og:image\" content=\"https:\/\/samarona.com\/wp-content\/uploads\/2021\/12\/Der-Innere-Buddha-Samarona.jpg\" \/>\n\t<meta property=\"og:image:width\" content=\"203\" \/>\n\t<meta property=\"og:image:height\" content=\"307\" \/>\n\t<meta property=\"og:image:type\" content=\"image\/jpeg\" \/>\n<meta name=\"twitter:card\" content=\"summary_large_image\" \/>\n<meta name=\"twitter:label1\" content=\"Geschatte leestijd\" \/>\n\t<meta name=\"twitter:data1\" content=\"2 minuten\" \/>\n<script type=\"application\/ld+json\" class=\"yoast-schema-graph\">{\"@context\":\"https:\\\/\\\/schema.org\",\"@graph\":[{\"@type\":\"WebPage\",\"@id\":\"https:\\\/\\\/samarona.com\\\/nl\\\/buecher-samarona-buunk\\\/die-innere-fuehrung-der-liebe-von-samarona-buunk\\\/\",\"url\":\"https:\\\/\\\/samarona.com\\\/nl\\\/buecher-samarona-buunk\\\/die-innere-fuehrung-der-liebe-von-samarona-buunk\\\/\",\"name\":\"Die innere F\u00fchrung der Liebe von Samarona Buunk - Samarona Buunk\",\"isPartOf\":{\"@id\":\"https:\\\/\\\/samarona.com\\\/nl\\\/#website\"},\"primaryImageOfPage\":{\"@id\":\"https:\\\/\\\/samarona.com\\\/nl\\\/buecher-samarona-buunk\\\/die-innere-fuehrung-der-liebe-von-samarona-buunk\\\/#primaryimage\"},\"image\":{\"@id\":\"https:\\\/\\\/samarona.com\\\/nl\\\/buecher-samarona-buunk\\\/die-innere-fuehrung-der-liebe-von-samarona-buunk\\\/#primaryimage\"},\"thumbnailUrl\":\"https:\\\/\\\/samarona.com\\\/wp-content\\\/uploads\\\/2025\\\/11\\\/Die-innere-Fuehrung-der-Liebe_Cover.jpg\",\"datePublished\":\"2025-11-18T16:06:12+00:00\",\"dateModified\":\"2025-11-24T11:44:49+00:00\",\"breadcrumb\":{\"@id\":\"https:\\\/\\\/samarona.com\\\/nl\\\/buecher-samarona-buunk\\\/die-innere-fuehrung-der-liebe-von-samarona-buunk\\\/#breadcrumb\"},\"inLanguage\":\"nl-NL\",\"potentialAction\":[{\"@type\":\"ReadAction\",\"target\":[\"https:\\\/\\\/samarona.com\\\/nl\\\/buecher-samarona-buunk\\\/die-innere-fuehrung-der-liebe-von-samarona-buunk\\\/\"]}]},{\"@type\":\"ImageObject\",\"inLanguage\":\"nl-NL\",\"@id\":\"https:\\\/\\\/samarona.com\\\/nl\\\/buecher-samarona-buunk\\\/die-innere-fuehrung-der-liebe-von-samarona-buunk\\\/#primaryimage\",\"url\":\"https:\\\/\\\/samarona.com\\\/wp-content\\\/uploads\\\/2025\\\/11\\\/Die-innere-Fuehrung-der-Liebe_Cover.jpg\",\"contentUrl\":\"https:\\\/\\\/samarona.com\\\/wp-content\\\/uploads\\\/2025\\\/11\\\/Die-innere-Fuehrung-der-Liebe_Cover.jpg\"},{\"@type\":\"BreadcrumbList\",\"@id\":\"https:\\\/\\\/samarona.com\\\/nl\\\/buecher-samarona-buunk\\\/die-innere-fuehrung-der-liebe-von-samarona-buunk\\\/#breadcrumb\",\"itemListElement\":[{\"@type\":\"ListItem\",\"position\":1,\"name\":\"Startseite\",\"item\":\"https:\\\/\\\/samarona.com\\\/nl\\\/\"},{\"@type\":\"ListItem\",\"position\":2,\"name\":\"B\u00fccher von Samarona\",\"item\":\"https:\\\/\\\/samarona.com\\\/nl\\\/buecher-samarona-buunk\\\/\"},{\"@type\":\"ListItem\",\"position\":3,\"name\":\"Die innere F\u00fchrung der Liebe von Samarona Buunk\"}]},{\"@type\":\"WebSite\",\"@id\":\"https:\\\/\\\/samarona.com\\\/nl\\\/#website\",\"url\":\"https:\\\/\\\/samarona.com\\\/nl\\\/\",\"name\":\"Samarona Buunk\",\"description\":\"Seminare, Trainings, Einzelsitzungen\",\"potentialAction\":[{\"@type\":\"SearchAction\",\"target\":{\"@type\":\"EntryPoint\",\"urlTemplate\":\"https:\\\/\\\/samarona.com\\\/nl\\\/?s={search_term_string}\"},\"query-input\":{\"@type\":\"PropertyValueSpecification\",\"valueRequired\":true,\"valueName\":\"search_term_string\"}}],\"inLanguage\":\"nl-NL\"}]}<\/script>\n<!-- \/ Yoast SEO plugin. -->","yoast_head_json":{"title":"Die innere F\u00fchrung der Liebe von Samarona Buunk - Samarona Buunk","robots":{"index":"index","follow":"follow","max-snippet":"max-snippet:-1","max-image-preview":"max-image-preview:large","max-video-preview":"max-video-preview:-1"},"canonical":"https:\/\/samarona.com\/nl\/buecher-samarona-buunk\/die-innere-fuehrung-der-liebe-von-samarona-buunk\/","og_locale":"nl_NL","og_type":"article","og_title":"Die innere F\u00fchrung der Liebe von Samarona Buunk - Samarona Buunk","og_description":"\u00dcber das Buch Die innere F\u00fchrung der Liebe ist das dritte Buch in einer Trilogie der Innenwelt. Das erste Buch beschreibt die menschliche Suche nach dem [\u2026]","og_url":"https:\/\/samarona.com\/nl\/buecher-samarona-buunk\/die-innere-fuehrung-der-liebe-von-samarona-buunk\/","og_site_name":"Samarona Buunk","article_modified_time":"2025-11-24T11:44:49+00:00","og_image":[{"width":203,"height":307,"url":"https:\/\/samarona.com\/wp-content\/uploads\/2021\/12\/Der-Innere-Buddha-Samarona.jpg","type":"image\/jpeg"}],"twitter_card":"summary_large_image","twitter_misc":{"Geschatte leestijd":"2 minuten"},"schema":{"@context":"https:\/\/schema.org","@graph":[{"@type":"WebPage","@id":"https:\/\/samarona.com\/nl\/buecher-samarona-buunk\/die-innere-fuehrung-der-liebe-von-samarona-buunk\/","url":"https:\/\/samarona.com\/nl\/buecher-samarona-buunk\/die-innere-fuehrung-der-liebe-von-samarona-buunk\/","name":"Die innere F\u00fchrung der Liebe von Samarona Buunk - Samarona Buunk","isPartOf":{"@id":"https:\/\/samarona.com\/nl\/#website"},"primaryImageOfPage":{"@id":"https:\/\/samarona.com\/nl\/buecher-samarona-buunk\/die-innere-fuehrung-der-liebe-von-samarona-buunk\/#primaryimage"},"image":{"@id":"https:\/\/samarona.com\/nl\/buecher-samarona-buunk\/die-innere-fuehrung-der-liebe-von-samarona-buunk\/#primaryimage"},"thumbnailUrl":"https:\/\/samarona.com\/wp-content\/uploads\/2025\/11\/Die-innere-Fuehrung-der-Liebe_Cover.jpg","datePublished":"2025-11-18T16:06:12+00:00","dateModified":"2025-11-24T11:44:49+00:00","breadcrumb":{"@id":"https:\/\/samarona.com\/nl\/buecher-samarona-buunk\/die-innere-fuehrung-der-liebe-von-samarona-buunk\/#breadcrumb"},"inLanguage":"nl-NL","potentialAction":[{"@type":"ReadAction","target":["https:\/\/samarona.com\/nl\/buecher-samarona-buunk\/die-innere-fuehrung-der-liebe-von-samarona-buunk\/"]}]},{"@type":"ImageObject","inLanguage":"nl-NL","@id":"https:\/\/samarona.com\/nl\/buecher-samarona-buunk\/die-innere-fuehrung-der-liebe-von-samarona-buunk\/#primaryimage","url":"https:\/\/samarona.com\/wp-content\/uploads\/2025\/11\/Die-innere-Fuehrung-der-Liebe_Cover.jpg","contentUrl":"https:\/\/samarona.com\/wp-content\/uploads\/2025\/11\/Die-innere-Fuehrung-der-Liebe_Cover.jpg"},{"@type":"BreadcrumbList","@id":"https:\/\/samarona.com\/nl\/buecher-samarona-buunk\/die-innere-fuehrung-der-liebe-von-samarona-buunk\/#breadcrumb","itemListElement":[{"@type":"ListItem","position":1,"name":"Startseite","item":"https:\/\/samarona.com\/nl\/"},{"@type":"ListItem","position":2,"name":"B\u00fccher von Samarona","item":"https:\/\/samarona.com\/nl\/buecher-samarona-buunk\/"},{"@type":"ListItem","position":3,"name":"Die innere F\u00fchrung der Liebe von Samarona Buunk"}]},{"@type":"WebSite","@id":"https:\/\/samarona.com\/nl\/#website","url":"https:\/\/samarona.com\/nl\/","name":"Samarona Buunk","description":"Seminare, Trainings, Einzelsitzungen","potentialAction":[{"@type":"SearchAction","target":{"@type":"EntryPoint","urlTemplate":"https:\/\/samarona.com\/nl\/?s={search_term_string}"},"query-input":{"@type":"PropertyValueSpecification","valueRequired":true,"valueName":"search_term_string"}}],"inLanguage":"nl-NL"}]}},"_links":{"self":[{"href":"https:\/\/samarona.com\/nl\/wp-json\/wp\/v2\/pages\/2641","targetHints":{"allow":["GET"]}}],"collection":[{"href":"https:\/\/samarona.com\/nl\/wp-json\/wp\/v2\/pages"}],"about":[{"href":"https:\/\/samarona.com\/nl\/wp-json\/wp\/v2\/types\/page"}],"author":[{"embeddable":true,"href":"https:\/\/samarona.com\/nl\/wp-json\/wp\/v2\/users\/1"}],"replies":[{"embeddable":true,"href":"https:\/\/samarona.com\/nl\/wp-json\/wp\/v2\/comments?post=2641"}],"version-history":[{"count":1,"href":"https:\/\/samarona.com\/nl\/wp-json\/wp\/v2\/pages\/2641\/revisions"}],"predecessor-version":[{"id":2648,"href":"https:\/\/samarona.com\/nl\/wp-json\/wp\/v2\/pages\/2641\/revisions\/2648"}],"up":[{"embeddable":true,"href":"https:\/\/samarona.com\/nl\/wp-json\/wp\/v2\/pages\/397"}],"wp:attachment":[{"href":"https:\/\/samarona.com\/nl\/wp-json\/wp\/v2\/media?parent=2641"}],"curies":[{"name":"wp","href":"https:\/\/api.w.org\/{rel}","templated":true}]}}