{"id":2637,"date":"2025-11-18T17:03:40","date_gmt":"2025-11-18T16:03:40","guid":{"rendered":"https:\/\/samarona.com\/buecher-samarona-buunk\/der-innere-buddha-von-samarona-buunk\/"},"modified":"2025-11-24T12:41:46","modified_gmt":"2025-11-24T11:41:46","slug":"der-innere-buddha-von-samarona-buunk","status":"publish","type":"page","link":"https:\/\/samarona.com\/nl\/buecher-samarona-buunk\/der-innere-buddha-von-samarona-buunk\/","title":{"rendered":"Der innere Buddha von Samarona Buunk"},"content":{"rendered":"<div class=\"column one-third mobile-one\"><div class=\"mcb-column-inner\"><img loading=\"lazy\" decoding=\"async\" class=\"wp-image-1734 size-full alignleft\" src=\"https:\/\/samarona.com\/wp-content\/uploads\/2021\/12\/Der-Innere-Buddha-Samarona.jpg\" alt=\"Der Innere Buddha \u2013 Buch von Samarona\" width=\"203\" height=\"307\" srcset=\"https:\/\/samarona.com\/wp-content\/uploads\/2021\/12\/Der-Innere-Buddha-Samarona.jpg 203w, https:\/\/samarona.com\/wp-content\/uploads\/2021\/12\/Der-Innere-Buddha-Samarona-198x300.jpg 198w, https:\/\/samarona.com\/wp-content\/uploads\/2021\/12\/Der-Innere-Buddha-Samarona-97x146.jpg 97w, https:\/\/samarona.com\/wp-content\/uploads\/2021\/12\/Der-Innere-Buddha-Samarona-33x50.jpg 33w, https:\/\/samarona.com\/wp-content\/uploads\/2021\/12\/Der-Innere-Buddha-Samarona-50x75.jpg 50w\" sizes=\"auto, (max-width:767px) 203px, 203px\" \/><br \/>\n<\/div><\/div>\n\n\n\n<div class=\"column two-third mobile-one\"><div class=\"mcb-column-inner\"><\/p>\n<p><hr class=\"no_line\" style=\"margin: 0 auto 30px auto\"\/>\n<\/p>\n<p style=\"font-size: 20px; color: #5a657e;\"><strong>DER INNERE BUDDHA<\/strong><\/p>\n<p>Selbstentfaltung \u2013<br \/>\nVom inneren Kind zum wahren Selbst<br \/>\n<em>von Samarona Buunk<\/em><\/p>\n<p><strong><a href=\"https:\/\/samarona.com\/wp-content\/uploads\/2025\/11\/Der-Innere-Buddha-Leseprobe.pdf\" target=\"_blank\" rel=\"noopener\">\u00bb Leseprobe <\/a><\/strong><\/p>\n<p><\/div><\/div>\n\n\n\n<a class=\"button buy-buddha button_size_2\" href=\"#\"     target=\"_blank\"    title=\"\"><span class=\"button_label\">Das Buch bestellen<\/span><\/a>\n\n\n\n<hr class=\"no_line\" style=\"margin: 0 auto 5px auto\"\/>\n\n\n\n\n<h3 class=\"wp-block-heading\">\u00dcber das Buch<\/h3>\n\n\n\n<p><strong>Ein praktischer Wegweiser&nbsp;vom inneren Kind zum inneren Buddha<\/strong><\/p>\n\n\n\n<p>Im Osten verweist das Konzept der Buddha-Natur auf das Potenzial aller Menschen, Befreiung zu erlangen. In der westlichen Welt ist dieser Sichtweise eher rar.<\/p>\n\n\n\n<p>Dieses Buch zeigt auf, dass wir alle in uns eine Weisheit besitzen, die <strong>Der Innere Buddha<\/strong> genannt wird. Die Orientierung am <strong>Inneren Buddha<\/strong> bewirkt verschiedene Stufen der spirituellen Entwicklung und Selbst-Entfaltung.<\/p>\n\n\n\n<p>Es wird gezeigt, wie dies auch eine Transformation auf der psychologischen Ebene mit sich bringt und wie das \u201einnere Kind\u201c heilen kann. Es wird erl\u00e4utert wie in der Kindheit die Bildung eines gesunden Egos verl\u00e4uft und wie wir im erwachsenen Alter den Blick nach innen richten und uns aus der Identifikation mit dem Ego l\u00f6sen k\u00f6nnen.<\/p>\n\n\n\n<p>\u201e<strong>Der innere Buddha<\/strong>\u201c ist das Ergebnis der lebenslangen spirituellen Praxis des Autors und seiner langj\u00e4hrigen T\u00e4tigkeit im Bereich spiritueller Psychotherapie.<\/p>\n\n\n\n<p>Der Autor liefert kein Patentrezept f\u00fcr Selbstentfaltung, denn jeder Mensch durchl\u00e4uft eine einzigartige Entwicklung, sodass nur jede\/r ihre\/seine eigene Ich-Werdung reflektieren kann. Das genaue Verstehen dieser Ego-Entwicklung ist die Befreiung.<\/p>\n\n\n<a class=\"button buy-buddha button_size_2\" href=\"#\"     target=\"_blank\"    title=\"\"><span class=\"button_label\">Das Buch bestellen<\/span><\/a>\n\n","protected":false},"excerpt":{"rendered":"<p>\u00dcber das Buch Ein praktischer Wegweiser&nbsp;vom inneren Kind zum inneren Buddha Im Osten verweist das Konzept der Buddha-Natur auf das Potenzial aller Menschen, Befreiung zu erlangen.<span class=\"excerpt-hellip\"> [\u2026]<\/span><\/p>\n","protected":false},"author":1,"featured_media":0,"parent":397,"menu_order":0,"comment_status":"closed","ping_status":"closed","template":"","meta":{"_acf_changed":false,"episode_type":"","audio_file":"","podmotor_file_id":"","podmotor_episode_id":"","cover_image":"","cover_image_id":"","duration":"","filesize":"","filesize_raw":"","date_recorded":"","explicit":"","block":"","itunes_episode_number":"","itunes_title":"","itunes_season_number":"","itunes_episode_type":"","footnotes":""},"class_list":["post-2637","page","type-page","status-publish","hentry"],"acf":[],"yoast_head":"<!-- This site is optimized with the Yoast SEO plugin v27.4 - https:\/\/yoast.com\/product\/yoast-seo-wordpress\/ -->\n<title>Der innere Buddha von Samarona Buunk - Samarona Buunk<\/title>\n<meta name=\"robots\" content=\"index, follow, max-snippet:-1, max-image-preview:large, max-video-preview:-1\" \/>\n<link rel=\"canonical\" href=\"https:\/\/samarona.com\/nl\/buecher-samarona-buunk\/der-innere-buddha-von-samarona-buunk\/\" \/>\n<meta property=\"og:locale\" content=\"nl_NL\" \/>\n<meta property=\"og:type\" content=\"article\" \/>\n<meta property=\"og:title\" content=\"Der innere Buddha von Samarona Buunk - Samarona Buunk\" \/>\n<meta property=\"og:description\" content=\"\u00dcber das Buch Ein praktischer Wegweiser&nbsp;vom inneren Kind zum inneren Buddha Im Osten verweist das Konzept der Buddha-Natur auf das Potenzial aller Menschen, Befreiung zu erlangen. [\u2026]\" \/>\n<meta property=\"og:url\" content=\"https:\/\/samarona.com\/nl\/buecher-samarona-buunk\/der-innere-buddha-von-samarona-buunk\/\" \/>\n<meta property=\"og:site_name\" content=\"Samarona Buunk\" \/>\n<meta property=\"article:modified_time\" content=\"2025-11-24T11:41:46+00:00\" \/>\n<meta property=\"og:image\" content=\"https:\/\/samarona.com\/wp-content\/uploads\/2021\/12\/Der-Innere-Buddha-Samarona.jpg\" \/>\n\t<meta property=\"og:image:width\" content=\"203\" \/>\n\t<meta property=\"og:image:height\" content=\"307\" \/>\n\t<meta property=\"og:image:type\" content=\"image\/jpeg\" \/>\n<meta name=\"twitter:card\" content=\"summary_large_image\" \/>\n<meta name=\"twitter:label1\" content=\"Geschatte leestijd\" \/>\n\t<meta name=\"twitter:data1\" content=\"2 minuten\" \/>\n<script type=\"application\/ld+json\" class=\"yoast-schema-graph\">{\"@context\":\"https:\\\/\\\/schema.org\",\"@graph\":[{\"@type\":\"WebPage\",\"@id\":\"https:\\\/\\\/samarona.com\\\/nl\\\/buecher-samarona-buunk\\\/der-innere-buddha-von-samarona-buunk\\\/\",\"url\":\"https:\\\/\\\/samarona.com\\\/nl\\\/buecher-samarona-buunk\\\/der-innere-buddha-von-samarona-buunk\\\/\",\"name\":\"Der innere Buddha von Samarona Buunk - Samarona Buunk\",\"isPartOf\":{\"@id\":\"https:\\\/\\\/samarona.com\\\/nl\\\/#website\"},\"primaryImageOfPage\":{\"@id\":\"https:\\\/\\\/samarona.com\\\/nl\\\/buecher-samarona-buunk\\\/der-innere-buddha-von-samarona-buunk\\\/#primaryimage\"},\"image\":{\"@id\":\"https:\\\/\\\/samarona.com\\\/nl\\\/buecher-samarona-buunk\\\/der-innere-buddha-von-samarona-buunk\\\/#primaryimage\"},\"thumbnailUrl\":\"https:\\\/\\\/samarona.com\\\/wp-content\\\/uploads\\\/2021\\\/12\\\/Der-Innere-Buddha-Samarona.jpg\",\"datePublished\":\"2025-11-18T16:03:40+00:00\",\"dateModified\":\"2025-11-24T11:41:46+00:00\",\"breadcrumb\":{\"@id\":\"https:\\\/\\\/samarona.com\\\/nl\\\/buecher-samarona-buunk\\\/der-innere-buddha-von-samarona-buunk\\\/#breadcrumb\"},\"inLanguage\":\"nl-NL\",\"potentialAction\":[{\"@type\":\"ReadAction\",\"target\":[\"https:\\\/\\\/samarona.com\\\/nl\\\/buecher-samarona-buunk\\\/der-innere-buddha-von-samarona-buunk\\\/\"]}]},{\"@type\":\"ImageObject\",\"inLanguage\":\"nl-NL\",\"@id\":\"https:\\\/\\\/samarona.com\\\/nl\\\/buecher-samarona-buunk\\\/der-innere-buddha-von-samarona-buunk\\\/#primaryimage\",\"url\":\"https:\\\/\\\/samarona.com\\\/wp-content\\\/uploads\\\/2021\\\/12\\\/Der-Innere-Buddha-Samarona.jpg\",\"contentUrl\":\"https:\\\/\\\/samarona.com\\\/wp-content\\\/uploads\\\/2021\\\/12\\\/Der-Innere-Buddha-Samarona.jpg\"},{\"@type\":\"BreadcrumbList\",\"@id\":\"https:\\\/\\\/samarona.com\\\/nl\\\/buecher-samarona-buunk\\\/der-innere-buddha-von-samarona-buunk\\\/#breadcrumb\",\"itemListElement\":[{\"@type\":\"ListItem\",\"position\":1,\"name\":\"Startseite\",\"item\":\"https:\\\/\\\/samarona.com\\\/nl\\\/\"},{\"@type\":\"ListItem\",\"position\":2,\"name\":\"B\u00fccher von Samarona\",\"item\":\"https:\\\/\\\/samarona.com\\\/nl\\\/buecher-samarona-buunk\\\/\"},{\"@type\":\"ListItem\",\"position\":3,\"name\":\"Der innere Buddha von Samarona Buunk\"}]},{\"@type\":\"WebSite\",\"@id\":\"https:\\\/\\\/samarona.com\\\/nl\\\/#website\",\"url\":\"https:\\\/\\\/samarona.com\\\/nl\\\/\",\"name\":\"Samarona Buunk\",\"description\":\"Seminare, Trainings, Einzelsitzungen\",\"potentialAction\":[{\"@type\":\"SearchAction\",\"target\":{\"@type\":\"EntryPoint\",\"urlTemplate\":\"https:\\\/\\\/samarona.com\\\/nl\\\/?s={search_term_string}\"},\"query-input\":{\"@type\":\"PropertyValueSpecification\",\"valueRequired\":true,\"valueName\":\"search_term_string\"}}],\"inLanguage\":\"nl-NL\"}]}<\/script>\n<!-- \/ Yoast SEO plugin. -->","yoast_head_json":{"title":"Der innere Buddha von Samarona Buunk - Samarona Buunk","robots":{"index":"index","follow":"follow","max-snippet":"max-snippet:-1","max-image-preview":"max-image-preview:large","max-video-preview":"max-video-preview:-1"},"canonical":"https:\/\/samarona.com\/nl\/buecher-samarona-buunk\/der-innere-buddha-von-samarona-buunk\/","og_locale":"nl_NL","og_type":"article","og_title":"Der innere Buddha von Samarona Buunk - Samarona Buunk","og_description":"\u00dcber das Buch Ein praktischer Wegweiser&nbsp;vom inneren Kind zum inneren Buddha Im Osten verweist das Konzept der Buddha-Natur auf das Potenzial aller Menschen, Befreiung zu erlangen. [\u2026]","og_url":"https:\/\/samarona.com\/nl\/buecher-samarona-buunk\/der-innere-buddha-von-samarona-buunk\/","og_site_name":"Samarona Buunk","article_modified_time":"2025-11-24T11:41:46+00:00","og_image":[{"width":203,"height":307,"url":"https:\/\/samarona.com\/wp-content\/uploads\/2021\/12\/Der-Innere-Buddha-Samarona.jpg","type":"image\/jpeg"}],"twitter_card":"summary_large_image","twitter_misc":{"Geschatte leestijd":"2 minuten"},"schema":{"@context":"https:\/\/schema.org","@graph":[{"@type":"WebPage","@id":"https:\/\/samarona.com\/nl\/buecher-samarona-buunk\/der-innere-buddha-von-samarona-buunk\/","url":"https:\/\/samarona.com\/nl\/buecher-samarona-buunk\/der-innere-buddha-von-samarona-buunk\/","name":"Der innere Buddha von Samarona Buunk - Samarona Buunk","isPartOf":{"@id":"https:\/\/samarona.com\/nl\/#website"},"primaryImageOfPage":{"@id":"https:\/\/samarona.com\/nl\/buecher-samarona-buunk\/der-innere-buddha-von-samarona-buunk\/#primaryimage"},"image":{"@id":"https:\/\/samarona.com\/nl\/buecher-samarona-buunk\/der-innere-buddha-von-samarona-buunk\/#primaryimage"},"thumbnailUrl":"https:\/\/samarona.com\/wp-content\/uploads\/2021\/12\/Der-Innere-Buddha-Samarona.jpg","datePublished":"2025-11-18T16:03:40+00:00","dateModified":"2025-11-24T11:41:46+00:00","breadcrumb":{"@id":"https:\/\/samarona.com\/nl\/buecher-samarona-buunk\/der-innere-buddha-von-samarona-buunk\/#breadcrumb"},"inLanguage":"nl-NL","potentialAction":[{"@type":"ReadAction","target":["https:\/\/samarona.com\/nl\/buecher-samarona-buunk\/der-innere-buddha-von-samarona-buunk\/"]}]},{"@type":"ImageObject","inLanguage":"nl-NL","@id":"https:\/\/samarona.com\/nl\/buecher-samarona-buunk\/der-innere-buddha-von-samarona-buunk\/#primaryimage","url":"https:\/\/samarona.com\/wp-content\/uploads\/2021\/12\/Der-Innere-Buddha-Samarona.jpg","contentUrl":"https:\/\/samarona.com\/wp-content\/uploads\/2021\/12\/Der-Innere-Buddha-Samarona.jpg"},{"@type":"BreadcrumbList","@id":"https:\/\/samarona.com\/nl\/buecher-samarona-buunk\/der-innere-buddha-von-samarona-buunk\/#breadcrumb","itemListElement":[{"@type":"ListItem","position":1,"name":"Startseite","item":"https:\/\/samarona.com\/nl\/"},{"@type":"ListItem","position":2,"name":"B\u00fccher von Samarona","item":"https:\/\/samarona.com\/nl\/buecher-samarona-buunk\/"},{"@type":"ListItem","position":3,"name":"Der innere Buddha von Samarona Buunk"}]},{"@type":"WebSite","@id":"https:\/\/samarona.com\/nl\/#website","url":"https:\/\/samarona.com\/nl\/","name":"Samarona Buunk","description":"Seminare, Trainings, Einzelsitzungen","potentialAction":[{"@type":"SearchAction","target":{"@type":"EntryPoint","urlTemplate":"https:\/\/samarona.com\/nl\/?s={search_term_string}"},"query-input":{"@type":"PropertyValueSpecification","valueRequired":true,"valueName":"search_term_string"}}],"inLanguage":"nl-NL"}]}},"_links":{"self":[{"href":"https:\/\/samarona.com\/nl\/wp-json\/wp\/v2\/pages\/2637","targetHints":{"allow":["GET"]}}],"collection":[{"href":"https:\/\/samarona.com\/nl\/wp-json\/wp\/v2\/pages"}],"about":[{"href":"https:\/\/samarona.com\/nl\/wp-json\/wp\/v2\/types\/page"}],"author":[{"embeddable":true,"href":"https:\/\/samarona.com\/nl\/wp-json\/wp\/v2\/users\/1"}],"replies":[{"embeddable":true,"href":"https:\/\/samarona.com\/nl\/wp-json\/wp\/v2\/comments?post=2637"}],"version-history":[{"count":1,"href":"https:\/\/samarona.com\/nl\/wp-json\/wp\/v2\/pages\/2637\/revisions"}],"predecessor-version":[{"id":2640,"href":"https:\/\/samarona.com\/nl\/wp-json\/wp\/v2\/pages\/2637\/revisions\/2640"}],"up":[{"embeddable":true,"href":"https:\/\/samarona.com\/nl\/wp-json\/wp\/v2\/pages\/397"}],"wp:attachment":[{"href":"https:\/\/samarona.com\/nl\/wp-json\/wp\/v2\/media?parent=2637"}],"curies":[{"name":"wp","href":"https:\/\/api.w.org\/{rel}","templated":true}]}}