{"id":2624,"date":"2025-11-18T16:58:15","date_gmt":"2025-11-18T15:58:15","guid":{"rendered":"https:\/\/samarona.com\/buecher-samarona-buunk\/buch-inneres-zuhause-buunk\/"},"modified":"2025-11-24T12:38:09","modified_gmt":"2025-11-24T11:38:09","slug":"buch-inneres-zuhause-buunk","status":"publish","type":"page","link":"https:\/\/samarona.com\/nl\/buecher-samarona-buunk\/buch-inneres-zuhause-buunk\/","title":{"rendered":"Das innere Zuhause von Samarona Buunk"},"content":{"rendered":"<div class=\"column one-third mobile-one\"><div class=\"mcb-column-inner\"><img loading=\"lazy\" decoding=\"async\" id=\"zuhause\" class=\"size-medium wp-image-40 alignleft\" src=\"https:\/\/samarona.com\/wp-content\/uploads\/2018\/06\/cover-das-innere-zuhause-201x300.jpg\" alt=\"\" width=\"201\" height=\"300\" srcset=\"https:\/\/samarona.com\/wp-content\/uploads\/2018\/06\/cover-das-innere-zuhause-201x300.jpg 201w, https:\/\/samarona.com\/wp-content\/uploads\/2018\/06\/cover-das-innere-zuhause-686x1024.jpg 686w, https:\/\/samarona.com\/wp-content\/uploads\/2018\/06\/cover-das-innere-zuhause-98x146.jpg 98w, https:\/\/samarona.com\/wp-content\/uploads\/2018\/06\/cover-das-innere-zuhause-33x50.jpg 33w, https:\/\/samarona.com\/wp-content\/uploads\/2018\/06\/cover-das-innere-zuhause-50x75.jpg 50w, https:\/\/samarona.com\/wp-content\/uploads\/2018\/06\/cover-das-innere-zuhause.jpg 723w\" sizes=\"auto, (max-width:767px) 201px, 201px\" \/><br \/>\n<\/div><\/div>\n\n\n\n<div class=\"column two-third mobile-one\"><div class=\"mcb-column-inner\"><\/p>\n<p style=\"font-size: 20px; color: #5a657e;\"><strong>DAS INNERE ZUHAUSE<\/strong><\/p>\n<p>Was Spiritualit\u00e4t heute bedeuten kann<br \/>\n<em>von Samarona Buunk<\/em><\/p>\n<p>Bestell-Nr.: 222-50294<br \/>\nWG 481, 480<br \/>\nca. 264 Seiten<br \/>\nBroschur<hr class=\"no_line\" style=\"margin: 0 auto 20px auto\"\/>\n<\/p>\n<p>ISBN 978-3-942502-94-8<br \/>\n\u20ac 18,50 + \u20ac 3,00 Versand = \u20ac 21,50<\/p>\n<p><strong><a href=\"https:\/\/samarona.com\/wp-content\/uploads\/2018\/11\/Leseprobe_Das-innere-Zuhause.pdf\" target=\"_blank\" rel=\"noopener\">\u00bb Leseprobe <\/a><\/strong><\/p>\n<p><\/div><\/div>\n\n\n\n<a class=\"button buy-zuhause button_size_2\" href=\"#\"     target=\"_blank\"    title=\"\"><span class=\"button_label\">Das Buch bestellen<\/span><\/a>\n\n\n\n<hr class=\"no_line\" style=\"margin: 0 auto 30px auto\"\/>\n\n\n\n\n<h3 class=\"wp-block-heading\">\u00dcber das Buch<\/h3>\n\n\n\n<p><strong>Das innere Zuhause ist ein spirituelles Sachbuch, gleichzeitig ein poetisches und ein sehr pers\u00f6nliches Buch.<\/strong><\/p>\n\n\n\n<p>Behandelt wird das Abenteuer der Selbsterkundung. Wie kann man es heute schaffen, mitten im 21. Jahrhundert mit all seinen \u00fcberlauten Heilsversprechen und den immensen Anspr\u00fcchen an den eigenen Lebensentwurf, zu einem Ort der Ruhe in sich selbst zu finden?<\/p>\n\n\n\n<p>Zu einem Ort, an dem man sich mit all seinen essentiellen Qualit\u00e4ten erfahren und genie\u00dfen kann?<\/p>\n\n\n\n<p>Zu einem Ort, an dem man das Gef\u00fchl hat, nach Hause zu kommen?<\/p>\n\n\n\n<p>Auf dem Lebensweg begegnen wir Situationen, in denen wir nicht weiter wissen oder in der wir uns Halt, Orientierung, Verst\u00e4ndnis oder Mitgef\u00fchl w\u00fcnschen. Ich verstehe mich als Weggef\u00e4hrte, der f\u00fcr eine gewisse Zeit dich mit Wertsch\u00e4tzung, Humor und Vertrauen unterst\u00fctzen kann deinen eigenen Impulse f\u00fcr Ver\u00e4nderung zu finden.<\/p>\n\n\n\n<blockquote class=\"wp-block-quote is-layout-flow wp-block-quote-is-layout-flow\">\n<p>&#8220;Das Ego hat viele Namen.<br>Manche nennen es das ,innere Kind\u2019,<br>manche sprechen vom emotionalen Selbst<br>oder vom ,falschen Selbst\u2019.<br>Es sind die Gesichter der gleichen Pers\u00f6nlichkeit<br>die glaubt, einen separaten Willen zu haben.&#8221;<br><cite>Samarona Buunk<\/cite><\/p>\n<\/blockquote>\n\n\n\n<h3 class=\"wp-block-heading\">Wie sich das Ego bildet<\/h3>\n\n\n\n<p>Der Autor Samarona Buunk leuchtet tief hinein in die psychologische, die spirituelle und auch die poetische Wirklichkeit des Menschen. Es werden anschaulich Entwicklungsstufen erl\u00e4utert, es geht um die Bedeutsamkeit des Erwachsenwerdens, um das Herausbilden einer Ego-Struktur und um die M\u00f6glichkeit, diese hinter sich zu lassen.<\/p>\n\n\n\n<h3 class=\"wp-block-heading\">Spannende Antworten<\/h3>\n\n\n\n<p>Samarona Buunk findet \u00fcberraschende, spannende und herausfordernde Antworten. Ist es m\u00f6glich, dass \u201edas Kind in uns\u201c geheilt wird, wenn seine Herkunft erkannt, dann aber verleugnet wird?<\/p>\n\n\n\n<p>Samarona Buunk l\u00e4sst sowohl die Erfahrungen aus seiner 30-j\u00e4hrigen T\u00e4tigkeit im Bereich der spirituellen Psychotherapie als auch aus seinem ganz eigenen \u201eWeg nach Hause\u201c einflie\u00dfen.<br><hr class=\"no_line\" style=\"margin: 0 auto 20px auto\"\/>\n<\/p>\n\n\n<a class=\"button buy-zuhause button_size_2\" href=\"#\"     target=\"_blank\"    title=\"\"><span class=\"button_label\">Das Buch bestellen<\/span><\/a>\n\n","protected":false},"excerpt":{"rendered":"<p>\u00dcber das Buch Das innere Zuhause ist ein spirituelles Sachbuch, gleichzeitig ein poetisches und ein sehr pers\u00f6nliches Buch. Behandelt wird das Abenteuer der Selbsterkundung. Wie kann<span class=\"excerpt-hellip\"> [\u2026]<\/span><\/p>\n","protected":false},"author":1,"featured_media":0,"parent":397,"menu_order":0,"comment_status":"closed","ping_status":"closed","template":"","meta":{"_acf_changed":false,"episode_type":"","audio_file":"","podmotor_file_id":"","podmotor_episode_id":"","cover_image":"","cover_image_id":"","duration":"","filesize":"","filesize_raw":"","date_recorded":"","explicit":"","block":"","itunes_episode_number":"","itunes_title":"","itunes_season_number":"","itunes_episode_type":"","footnotes":""},"class_list":["post-2624","page","type-page","status-publish","hentry"],"acf":[],"yoast_head":"<!-- This site is optimized with the Yoast SEO plugin v27.3 - https:\/\/yoast.com\/product\/yoast-seo-wordpress\/ -->\n<title>Das innere Zuhause von Samarona Buunk - Samarona Buunk<\/title>\n<meta name=\"robots\" content=\"index, follow, max-snippet:-1, max-image-preview:large, max-video-preview:-1\" \/>\n<link rel=\"canonical\" href=\"https:\/\/samarona.com\/nl\/buecher-samarona-buunk\/buch-inneres-zuhause-buunk\/\" \/>\n<meta property=\"og:locale\" content=\"nl_NL\" \/>\n<meta property=\"og:type\" content=\"article\" \/>\n<meta property=\"og:title\" content=\"Das innere Zuhause von Samarona Buunk - Samarona Buunk\" \/>\n<meta property=\"og:description\" content=\"\u00dcber das Buch Das innere Zuhause ist ein spirituelles Sachbuch, gleichzeitig ein poetisches und ein sehr pers\u00f6nliches Buch. Behandelt wird das Abenteuer der Selbsterkundung. Wie kann [\u2026]\" \/>\n<meta property=\"og:url\" content=\"https:\/\/samarona.com\/nl\/buecher-samarona-buunk\/buch-inneres-zuhause-buunk\/\" \/>\n<meta property=\"og:site_name\" content=\"Samarona Buunk\" \/>\n<meta property=\"article:modified_time\" content=\"2025-11-24T11:38:09+00:00\" \/>\n<meta property=\"og:image\" content=\"https:\/\/samarona.com\/wp-content\/uploads\/2018\/06\/cover-das-innere-zuhause.jpg\" \/>\n\t<meta property=\"og:image:width\" content=\"723\" \/>\n\t<meta property=\"og:image:height\" content=\"1080\" \/>\n\t<meta property=\"og:image:type\" content=\"image\/jpeg\" \/>\n<meta name=\"twitter:card\" content=\"summary_large_image\" \/>\n<meta name=\"twitter:label1\" content=\"Geschatte leestijd\" \/>\n\t<meta name=\"twitter:data1\" content=\"2 minuten\" \/>\n<script type=\"application\/ld+json\" class=\"yoast-schema-graph\">{\"@context\":\"https:\\\/\\\/schema.org\",\"@graph\":[{\"@type\":\"WebPage\",\"@id\":\"https:\\\/\\\/samarona.com\\\/nl\\\/buecher-samarona-buunk\\\/buch-inneres-zuhause-buunk\\\/\",\"url\":\"https:\\\/\\\/samarona.com\\\/nl\\\/buecher-samarona-buunk\\\/buch-inneres-zuhause-buunk\\\/\",\"name\":\"Das innere Zuhause von Samarona Buunk - Samarona Buunk\",\"isPartOf\":{\"@id\":\"https:\\\/\\\/samarona.com\\\/nl\\\/#website\"},\"primaryImageOfPage\":{\"@id\":\"https:\\\/\\\/samarona.com\\\/nl\\\/buecher-samarona-buunk\\\/buch-inneres-zuhause-buunk\\\/#primaryimage\"},\"image\":{\"@id\":\"https:\\\/\\\/samarona.com\\\/nl\\\/buecher-samarona-buunk\\\/buch-inneres-zuhause-buunk\\\/#primaryimage\"},\"thumbnailUrl\":\"https:\\\/\\\/samarona.com\\\/wp-content\\\/uploads\\\/2018\\\/06\\\/cover-das-innere-zuhause-201x300.jpg\",\"datePublished\":\"2025-11-18T15:58:15+00:00\",\"dateModified\":\"2025-11-24T11:38:09+00:00\",\"breadcrumb\":{\"@id\":\"https:\\\/\\\/samarona.com\\\/nl\\\/buecher-samarona-buunk\\\/buch-inneres-zuhause-buunk\\\/#breadcrumb\"},\"inLanguage\":\"nl-NL\",\"potentialAction\":[{\"@type\":\"ReadAction\",\"target\":[\"https:\\\/\\\/samarona.com\\\/nl\\\/buecher-samarona-buunk\\\/buch-inneres-zuhause-buunk\\\/\"]}]},{\"@type\":\"ImageObject\",\"inLanguage\":\"nl-NL\",\"@id\":\"https:\\\/\\\/samarona.com\\\/nl\\\/buecher-samarona-buunk\\\/buch-inneres-zuhause-buunk\\\/#primaryimage\",\"url\":\"https:\\\/\\\/samarona.com\\\/wp-content\\\/uploads\\\/2018\\\/06\\\/cover-das-innere-zuhause-201x300.jpg\",\"contentUrl\":\"https:\\\/\\\/samarona.com\\\/wp-content\\\/uploads\\\/2018\\\/06\\\/cover-das-innere-zuhause-201x300.jpg\"},{\"@type\":\"BreadcrumbList\",\"@id\":\"https:\\\/\\\/samarona.com\\\/nl\\\/buecher-samarona-buunk\\\/buch-inneres-zuhause-buunk\\\/#breadcrumb\",\"itemListElement\":[{\"@type\":\"ListItem\",\"position\":1,\"name\":\"Startseite\",\"item\":\"https:\\\/\\\/samarona.com\\\/nl\\\/\"},{\"@type\":\"ListItem\",\"position\":2,\"name\":\"B\u00fccher von Samarona\",\"item\":\"https:\\\/\\\/samarona.com\\\/nl\\\/buecher-samarona-buunk\\\/\"},{\"@type\":\"ListItem\",\"position\":3,\"name\":\"Das innere Zuhause von Samarona Buunk\"}]},{\"@type\":\"WebSite\",\"@id\":\"https:\\\/\\\/samarona.com\\\/nl\\\/#website\",\"url\":\"https:\\\/\\\/samarona.com\\\/nl\\\/\",\"name\":\"Samarona Buunk\",\"description\":\"Seminare, Trainings, Einzelsitzungen\",\"potentialAction\":[{\"@type\":\"SearchAction\",\"target\":{\"@type\":\"EntryPoint\",\"urlTemplate\":\"https:\\\/\\\/samarona.com\\\/nl\\\/?s={search_term_string}\"},\"query-input\":{\"@type\":\"PropertyValueSpecification\",\"valueRequired\":true,\"valueName\":\"search_term_string\"}}],\"inLanguage\":\"nl-NL\"}]}<\/script>\n<!-- \/ Yoast SEO plugin. -->","yoast_head_json":{"title":"Das innere Zuhause von Samarona Buunk - Samarona Buunk","robots":{"index":"index","follow":"follow","max-snippet":"max-snippet:-1","max-image-preview":"max-image-preview:large","max-video-preview":"max-video-preview:-1"},"canonical":"https:\/\/samarona.com\/nl\/buecher-samarona-buunk\/buch-inneres-zuhause-buunk\/","og_locale":"nl_NL","og_type":"article","og_title":"Das innere Zuhause von Samarona Buunk - Samarona Buunk","og_description":"\u00dcber das Buch Das innere Zuhause ist ein spirituelles Sachbuch, gleichzeitig ein poetisches und ein sehr pers\u00f6nliches Buch. Behandelt wird das Abenteuer der Selbsterkundung. Wie kann [\u2026]","og_url":"https:\/\/samarona.com\/nl\/buecher-samarona-buunk\/buch-inneres-zuhause-buunk\/","og_site_name":"Samarona Buunk","article_modified_time":"2025-11-24T11:38:09+00:00","og_image":[{"width":723,"height":1080,"url":"https:\/\/samarona.com\/wp-content\/uploads\/2018\/06\/cover-das-innere-zuhause.jpg","type":"image\/jpeg"}],"twitter_card":"summary_large_image","twitter_misc":{"Geschatte leestijd":"2 minuten"},"schema":{"@context":"https:\/\/schema.org","@graph":[{"@type":"WebPage","@id":"https:\/\/samarona.com\/nl\/buecher-samarona-buunk\/buch-inneres-zuhause-buunk\/","url":"https:\/\/samarona.com\/nl\/buecher-samarona-buunk\/buch-inneres-zuhause-buunk\/","name":"Das innere Zuhause von Samarona Buunk - Samarona Buunk","isPartOf":{"@id":"https:\/\/samarona.com\/nl\/#website"},"primaryImageOfPage":{"@id":"https:\/\/samarona.com\/nl\/buecher-samarona-buunk\/buch-inneres-zuhause-buunk\/#primaryimage"},"image":{"@id":"https:\/\/samarona.com\/nl\/buecher-samarona-buunk\/buch-inneres-zuhause-buunk\/#primaryimage"},"thumbnailUrl":"https:\/\/samarona.com\/wp-content\/uploads\/2018\/06\/cover-das-innere-zuhause-201x300.jpg","datePublished":"2025-11-18T15:58:15+00:00","dateModified":"2025-11-24T11:38:09+00:00","breadcrumb":{"@id":"https:\/\/samarona.com\/nl\/buecher-samarona-buunk\/buch-inneres-zuhause-buunk\/#breadcrumb"},"inLanguage":"nl-NL","potentialAction":[{"@type":"ReadAction","target":["https:\/\/samarona.com\/nl\/buecher-samarona-buunk\/buch-inneres-zuhause-buunk\/"]}]},{"@type":"ImageObject","inLanguage":"nl-NL","@id":"https:\/\/samarona.com\/nl\/buecher-samarona-buunk\/buch-inneres-zuhause-buunk\/#primaryimage","url":"https:\/\/samarona.com\/wp-content\/uploads\/2018\/06\/cover-das-innere-zuhause-201x300.jpg","contentUrl":"https:\/\/samarona.com\/wp-content\/uploads\/2018\/06\/cover-das-innere-zuhause-201x300.jpg"},{"@type":"BreadcrumbList","@id":"https:\/\/samarona.com\/nl\/buecher-samarona-buunk\/buch-inneres-zuhause-buunk\/#breadcrumb","itemListElement":[{"@type":"ListItem","position":1,"name":"Startseite","item":"https:\/\/samarona.com\/nl\/"},{"@type":"ListItem","position":2,"name":"B\u00fccher von Samarona","item":"https:\/\/samarona.com\/nl\/buecher-samarona-buunk\/"},{"@type":"ListItem","position":3,"name":"Das innere Zuhause von Samarona Buunk"}]},{"@type":"WebSite","@id":"https:\/\/samarona.com\/nl\/#website","url":"https:\/\/samarona.com\/nl\/","name":"Samarona Buunk","description":"Seminare, Trainings, Einzelsitzungen","potentialAction":[{"@type":"SearchAction","target":{"@type":"EntryPoint","urlTemplate":"https:\/\/samarona.com\/nl\/?s={search_term_string}"},"query-input":{"@type":"PropertyValueSpecification","valueRequired":true,"valueName":"search_term_string"}}],"inLanguage":"nl-NL"}]}},"_links":{"self":[{"href":"https:\/\/samarona.com\/nl\/wp-json\/wp\/v2\/pages\/2624","targetHints":{"allow":["GET"]}}],"collection":[{"href":"https:\/\/samarona.com\/nl\/wp-json\/wp\/v2\/pages"}],"about":[{"href":"https:\/\/samarona.com\/nl\/wp-json\/wp\/v2\/types\/page"}],"author":[{"embeddable":true,"href":"https:\/\/samarona.com\/nl\/wp-json\/wp\/v2\/users\/1"}],"replies":[{"embeddable":true,"href":"https:\/\/samarona.com\/nl\/wp-json\/wp\/v2\/comments?post=2624"}],"version-history":[{"count":1,"href":"https:\/\/samarona.com\/nl\/wp-json\/wp\/v2\/pages\/2624\/revisions"}],"predecessor-version":[{"id":2627,"href":"https:\/\/samarona.com\/nl\/wp-json\/wp\/v2\/pages\/2624\/revisions\/2627"}],"up":[{"embeddable":true,"href":"https:\/\/samarona.com\/nl\/wp-json\/wp\/v2\/pages\/397"}],"wp:attachment":[{"href":"https:\/\/samarona.com\/nl\/wp-json\/wp\/v2\/media?parent=2624"}],"curies":[{"name":"wp","href":"https:\/\/api.w.org\/{rel}","templated":true}]}}