{"id":2314,"date":"2024-09-20T12:20:51","date_gmt":"2024-09-20T10:20:51","guid":{"rendered":"https:\/\/samarona.com\/sangha-of-the-soul\/"},"modified":"2024-09-20T12:20:51","modified_gmt":"2024-09-20T10:20:51","slug":"sangha-of-the-soul","status":"publish","type":"page","link":"https:\/\/samarona.com\/nl\/sangha-of-the-soul\/","title":{"rendered":"Sangha of the Soul"},"content":{"rendered":"\n<p><strong>Sangha of the Soul<\/strong>&nbsp;ist eine Gemeinschaft&nbsp;&nbsp;von Seelensucher.&nbsp;Die Seele ist das was wir in unsere Tiefe&nbsp;sind.<\/p>\n\n\n\n<p>Ein Seelensucher ist jemand,&nbsp;der das Mysterium, was er selbst ist sucht.<\/p>\n\n\n\n<p>Aber nicht um das Ego-Selbst zu&nbsp;befriedigen, sondern er sucht seine wahre&nbsp;Natur, dass was er in Essenz ist.&nbsp; &nbsp;&nbsp;<\/p>\n\n\n\n<p>Die&nbsp;<strong>Sangha of the Soul<\/strong>&nbsp;ist eine moderne&nbsp;Weisheitslehre.<\/p>\n\n\n\n<p>Das Herz f\u00fchrt uns in dem Geheimnis das&nbsp;wir in der Tiefe sind, unsere innere&nbsp;Geliebte.<\/p>\n\n\n\n<div style=\"height:100px\" aria-hidden=\"true\" class=\"wp-block-spacer\"><\/div>\n\n\n\n<div data-wp-context=\"{}\" data-wp-interactive=\"core\/query\" data-wp-key=\"14\" data-wp-router-region=\"query-14\" class=\"wp-block-query is-layout-flow wp-block-query-is-layout-flow\"><ul class=\"wp-block-post-template is-layout-flow wp-block-post-template-is-layout-flow\"><li data-wp-key=\"post-template-item-2336\" class=\"wp-block-post post-2336 podcast type-podcast status-publish has-post-thumbnail hentry tag-bedeutet-das-nicht tag-das-verletzt-ist-was-verletzt-wird tag-dass-du-der-anderen-person-nachgibst tag-dass-liebe-bedeutet tag-dass-man-in-dem-moment tag-dass-unser-herz-unzerstoerbar-ist-das-herz-kann-nicht-zerstoert-werden-dein-herz-ist-bestaendiger-als-dein-koerper-selbst-wenn-du-dich-verletzt-fuehlst tag-dass-wir-ausgenutzt-werden tag-dass-wir-denken tag-dass-wir-dumm-sind-oder-dass-wir-etwas-verlieren-werden-tatsache-ist tag-dass-wir-schwach-sein-werden tag-dein-selbstbild tag-dein-stolz-wenn-wir-also-weiter-lieben tag-der-verliert-wenn-du-deinem-herzen-folgst tag-derjenige-ist tag-egal-was-passiert tag-geben-wir-nicht-der-anderen-person-nach tag-in-dem-man-sein-herz-verschliesst tag-ist-es-letztlich-nicht-dein-herz tag-liebevoll-zu-fuehlen tag-liebevoll-zu-sein-und-liebevoll-zu-handeln-das-liegt-daran tag-sind-deine-identifikationen tag-sondern-unserem-herzen tag-um-das-herz-vor-verletzungen-zu-bewahren-dieser-schutz-kommt-aus-der-unwissenheit-wir-wissen-nicht tag-um-die-liebe-zu-schuetzen tag-unserer-natur-manchmal-erlauben-wir-uns-nicht tag-viele-menschen-haben-vernunftbeziehungen-geschaffen series-sangha-of-the-soul-meditation-und-transformation-mit-samarona-buunk\">\n\n<div class=\"wp-block-columns alignwide is-layout-flex wp-container-core-columns-is-layout-9d6595d7 wp-block-columns-is-layout-flex\">\n<div class=\"wp-block-column is-layout-flow wp-block-column-is-layout-flow\" style=\"flex-basis:25%\"><figure class=\"wp-block-post-featured-image\"><a href=\"https:\/\/samarona.com\/nl\/podcast\/was-heisst-es-auf-mein-herz-zu-hoeren\/\" target=\"_self\"  ><img loading=\"lazy\" decoding=\"async\" width=\"2560\" height=\"2560\" src=\"https:\/\/samarona.com\/wp-content\/uploads\/2024\/12\/Podcast-Cover-Folge-06-scaled.jpg\" class=\"attachment-post-thumbnail size-post-thumbnail wp-post-image\" alt=\"Was hei\u00dft es auf mein Herz zu h\u00f6ren?\" style=\"object-fit:cover;\" srcset=\"https:\/\/samarona.com\/wp-content\/uploads\/2024\/12\/Podcast-Cover-Folge-06-scaled.jpg 2560w, https:\/\/samarona.com\/wp-content\/uploads\/2024\/12\/Podcast-Cover-Folge-06-300x300.jpg 300w, https:\/\/samarona.com\/wp-content\/uploads\/2024\/12\/Podcast-Cover-Folge-06-1024x1024.jpg 1024w, https:\/\/samarona.com\/wp-content\/uploads\/2024\/12\/Podcast-Cover-Folge-06-150x150.jpg 150w, https:\/\/samarona.com\/wp-content\/uploads\/2024\/12\/Podcast-Cover-Folge-06-768x768.jpg 768w, https:\/\/samarona.com\/wp-content\/uploads\/2024\/12\/Podcast-Cover-Folge-06-1536x1536.jpg 1536w, https:\/\/samarona.com\/wp-content\/uploads\/2024\/12\/Podcast-Cover-Folge-06-2048x2048.jpg 2048w, https:\/\/samarona.com\/wp-content\/uploads\/2024\/12\/Podcast-Cover-Folge-06-75x75.jpg 75w, https:\/\/samarona.com\/wp-content\/uploads\/2024\/12\/Podcast-Cover-Folge-06-600x600.jpg 600w\" sizes=\"auto, (max-width:767px) 600px, (max-width:2560px) 100vw, 2560px\" \/><\/a><\/figure><\/div>\n\n\n\n<div class=\"wp-block-column is-layout-flow wp-block-column-is-layout-flow\" style=\"flex-basis:75%\"><h2 class=\"wp-block-post-title\"><a href=\"https:\/\/samarona.com\/nl\/podcast\/was-heisst-es-auf-mein-herz-zu-hoeren\/\" target=\"_self\" >Was hei\u00dft es auf mein Herz zu h\u00f6ren?<\/a><\/h2>\n\n<div class=\"wp-block-post-excerpt\"><p class=\"wp-block-post-excerpt__excerpt\"><\/p><p class=\"wp-block-post-excerpt__more-text\"><a class=\"wp-block-post-excerpt__more-link\" href=\"https:\/\/samarona.com\/nl\/podcast\/was-heisst-es-auf-mein-herz-zu-hoeren\/\">Anh\u00f6ren<\/a><\/p><\/div><\/div>\n<\/div>\n\n\n\n<hr class=\"wp-block-separator has-alpha-channel-opacity\"\/>\n\n<\/li><li data-wp-key=\"post-template-item-2294\" class=\"wp-block-post post-2294 podcast type-podcast status-publish has-post-thumbnail hentry series-sangha-of-the-soul-meditation-und-transformation-mit-samarona-buunk\">\n\n<div class=\"wp-block-columns alignwide is-layout-flex wp-container-core-columns-is-layout-9d6595d7 wp-block-columns-is-layout-flex\">\n<div class=\"wp-block-column is-layout-flow wp-block-column-is-layout-flow\" style=\"flex-basis:25%\"><figure class=\"wp-block-post-featured-image\"><a href=\"https:\/\/samarona.com\/nl\/podcast\/wie-funktioniert-die-methode-von-selbsterforschung\/\" target=\"_self\"  ><img loading=\"lazy\" decoding=\"async\" width=\"2560\" height=\"2560\" src=\"https:\/\/samarona.com\/wp-content\/uploads\/2024\/09\/Podcast-Cover-Folge-05-1-scaled.jpg\" class=\"attachment-post-thumbnail size-post-thumbnail wp-post-image\" alt=\"Wie funktioniert die Methode von Selbsterforschung\" style=\"object-fit:cover;\" srcset=\"https:\/\/samarona.com\/wp-content\/uploads\/2024\/09\/Podcast-Cover-Folge-05-1-scaled.jpg 2560w, https:\/\/samarona.com\/wp-content\/uploads\/2024\/09\/Podcast-Cover-Folge-05-1-300x300.jpg 300w, https:\/\/samarona.com\/wp-content\/uploads\/2024\/09\/Podcast-Cover-Folge-05-1-1024x1024.jpg 1024w, https:\/\/samarona.com\/wp-content\/uploads\/2024\/09\/Podcast-Cover-Folge-05-1-150x150.jpg 150w, https:\/\/samarona.com\/wp-content\/uploads\/2024\/09\/Podcast-Cover-Folge-05-1-768x768.jpg 768w, https:\/\/samarona.com\/wp-content\/uploads\/2024\/09\/Podcast-Cover-Folge-05-1-1536x1536.jpg 1536w, https:\/\/samarona.com\/wp-content\/uploads\/2024\/09\/Podcast-Cover-Folge-05-1-2048x2048.jpg 2048w, https:\/\/samarona.com\/wp-content\/uploads\/2024\/09\/Podcast-Cover-Folge-05-1-75x75.jpg 75w, https:\/\/samarona.com\/wp-content\/uploads\/2024\/09\/Podcast-Cover-Folge-05-1-600x600.jpg 600w\" sizes=\"auto, (max-width:767px) 600px, (max-width:2560px) 100vw, 2560px\" \/><\/a><\/figure><\/div>\n\n\n\n<div class=\"wp-block-column is-layout-flow wp-block-column-is-layout-flow\" style=\"flex-basis:75%\"><h2 class=\"wp-block-post-title\"><a href=\"https:\/\/samarona.com\/nl\/podcast\/wie-funktioniert-die-methode-von-selbsterforschung\/\" target=\"_self\" >Wie funktioniert die Methode von Selbsterforschung<\/a><\/h2>\n\n<div class=\"wp-block-post-excerpt\"><p class=\"wp-block-post-excerpt__excerpt\">Selbst-Erforschung ist in erster Linie ein Ankommen in genau diesen Moment.\u00a0\u00a0Die Pr\u00e4senz gibt es nur in der Pr\u00e4sens. Was ist die Wahrheit von diesem Moment? Wir<\/p><p class=\"wp-block-post-excerpt__more-text\"><a class=\"wp-block-post-excerpt__more-link\" href=\"https:\/\/samarona.com\/nl\/podcast\/wie-funktioniert-die-methode-von-selbsterforschung\/\">Anh\u00f6ren<\/a><\/p><\/div><\/div>\n<\/div>\n\n\n\n<hr class=\"wp-block-separator has-alpha-channel-opacity\"\/>\n\n<\/li><li data-wp-key=\"post-template-item-2291\" class=\"wp-block-post post-2291 podcast type-podcast status-publish has-post-thumbnail hentry series-sangha-of-the-soul-meditation-und-transformation-mit-samarona-buunk\">\n\n<div class=\"wp-block-columns alignwide is-layout-flex wp-container-core-columns-is-layout-9d6595d7 wp-block-columns-is-layout-flex\">\n<div class=\"wp-block-column is-layout-flow wp-block-column-is-layout-flow\" style=\"flex-basis:25%\"><figure class=\"wp-block-post-featured-image\"><a href=\"https:\/\/samarona.com\/nl\/podcast\/was-ist-essenz-die-spirituelle-dimension-die-wahre-natur\/\" target=\"_self\"  ><img loading=\"lazy\" decoding=\"async\" width=\"2560\" height=\"2560\" src=\"https:\/\/samarona.com\/wp-content\/uploads\/2024\/09\/Podcast-Cover-Folge-04-1-scaled.jpg\" class=\"attachment-post-thumbnail size-post-thumbnail wp-post-image\" alt=\"Was ist Essenz, die spirituelle Dimension, die wahre Natur?\" style=\"object-fit:cover;\" srcset=\"https:\/\/samarona.com\/wp-content\/uploads\/2024\/09\/Podcast-Cover-Folge-04-1-scaled.jpg 2560w, https:\/\/samarona.com\/wp-content\/uploads\/2024\/09\/Podcast-Cover-Folge-04-1-300x300.jpg 300w, https:\/\/samarona.com\/wp-content\/uploads\/2024\/09\/Podcast-Cover-Folge-04-1-1024x1024.jpg 1024w, https:\/\/samarona.com\/wp-content\/uploads\/2024\/09\/Podcast-Cover-Folge-04-1-150x150.jpg 150w, https:\/\/samarona.com\/wp-content\/uploads\/2024\/09\/Podcast-Cover-Folge-04-1-768x768.jpg 768w, https:\/\/samarona.com\/wp-content\/uploads\/2024\/09\/Podcast-Cover-Folge-04-1-1536x1536.jpg 1536w, https:\/\/samarona.com\/wp-content\/uploads\/2024\/09\/Podcast-Cover-Folge-04-1-2048x2048.jpg 2048w, https:\/\/samarona.com\/wp-content\/uploads\/2024\/09\/Podcast-Cover-Folge-04-1-75x75.jpg 75w, https:\/\/samarona.com\/wp-content\/uploads\/2024\/09\/Podcast-Cover-Folge-04-1-600x600.jpg 600w\" sizes=\"auto, (max-width:767px) 600px, (max-width:2560px) 100vw, 2560px\" \/><\/a><\/figure><\/div>\n\n\n\n<div class=\"wp-block-column is-layout-flow wp-block-column-is-layout-flow\" style=\"flex-basis:75%\"><h2 class=\"wp-block-post-title\"><a href=\"https:\/\/samarona.com\/nl\/podcast\/was-ist-essenz-die-spirituelle-dimension-die-wahre-natur\/\" target=\"_self\" >Was ist Essenz, die spirituelle Dimension, die wahre Natur?<\/a><\/h2>\n\n<div class=\"wp-block-post-excerpt\"><p class=\"wp-block-post-excerpt__excerpt\">Pr\u00e4senz erlaubt uns die Wahrheit wahrzunehmen, die sich in diesem Moment offenbart. Pr\u00e4senz ist ein spiegelndes Bewusstsein. In dem Spiegel k\u00f6nnen wir sehen und erfahren was<\/p><p class=\"wp-block-post-excerpt__more-text\"><a class=\"wp-block-post-excerpt__more-link\" href=\"https:\/\/samarona.com\/nl\/podcast\/was-ist-essenz-die-spirituelle-dimension-die-wahre-natur\/\">Anh\u00f6ren<\/a><\/p><\/div><\/div>\n<\/div>\n\n\n\n<hr class=\"wp-block-separator has-alpha-channel-opacity\"\/>\n\n<\/li><li data-wp-key=\"post-template-item-2287\" class=\"wp-block-post post-2287 podcast type-podcast status-publish has-post-thumbnail hentry series-sangha-of-the-soul-meditation-und-transformation-mit-samarona-buunk\">\n\n<div class=\"wp-block-columns alignwide is-layout-flex wp-container-core-columns-is-layout-9d6595d7 wp-block-columns-is-layout-flex\">\n<div class=\"wp-block-column is-layout-flow wp-block-column-is-layout-flow\" style=\"flex-basis:25%\"><figure class=\"wp-block-post-featured-image\"><a href=\"https:\/\/samarona.com\/nl\/podcast\/was-ist-praesenz\/\" target=\"_self\"  ><img loading=\"lazy\" decoding=\"async\" width=\"1920\" height=\"1920\" src=\"https:\/\/samarona.com\/wp-content\/uploads\/2024\/09\/Podcast-Cover-Folge-3.jpg\" class=\"attachment-post-thumbnail size-post-thumbnail wp-post-image\" alt=\"Was ist Pr\u00e4senz? Was ist Meditation?\" style=\"object-fit:cover;\" srcset=\"https:\/\/samarona.com\/wp-content\/uploads\/2024\/09\/Podcast-Cover-Folge-3.jpg 1920w, https:\/\/samarona.com\/wp-content\/uploads\/2024\/09\/Podcast-Cover-Folge-3-300x300.jpg 300w, https:\/\/samarona.com\/wp-content\/uploads\/2024\/09\/Podcast-Cover-Folge-3-1024x1024.jpg 1024w, https:\/\/samarona.com\/wp-content\/uploads\/2024\/09\/Podcast-Cover-Folge-3-150x150.jpg 150w, https:\/\/samarona.com\/wp-content\/uploads\/2024\/09\/Podcast-Cover-Folge-3-768x768.jpg 768w, https:\/\/samarona.com\/wp-content\/uploads\/2024\/09\/Podcast-Cover-Folge-3-1536x1536.jpg 1536w, https:\/\/samarona.com\/wp-content\/uploads\/2024\/09\/Podcast-Cover-Folge-3-75x75.jpg 75w, https:\/\/samarona.com\/wp-content\/uploads\/2024\/09\/Podcast-Cover-Folge-3-600x600.jpg 600w\" sizes=\"auto, (max-width:767px) 600px, (max-width:1920px) 100vw, 1920px\" \/><\/a><\/figure><\/div>\n\n\n\n<div class=\"wp-block-column is-layout-flow wp-block-column-is-layout-flow\" style=\"flex-basis:75%\"><h2 class=\"wp-block-post-title\"><a href=\"https:\/\/samarona.com\/nl\/podcast\/was-ist-praesenz\/\" target=\"_self\" >Was ist Pr\u00e4senz? Was ist Meditation?<\/a><\/h2>\n\n<div class=\"wp-block-post-excerpt\"><p class=\"wp-block-post-excerpt__excerpt\">Die dritte Folge von \u201eSangha of the Soul\u201c mit Samarona Buunk Der Verstand orientiert sich an Gedanken und Emotionen. Das, was wir sind, k\u00f6nnen wir aber<\/p><p class=\"wp-block-post-excerpt__more-text\"><a class=\"wp-block-post-excerpt__more-link\" href=\"https:\/\/samarona.com\/nl\/podcast\/was-ist-praesenz\/\">Anh\u00f6ren<\/a><\/p><\/div><\/div>\n<\/div>\n\n\n\n<hr class=\"wp-block-separator has-alpha-channel-opacity\"\/>\n\n<\/li><li data-wp-key=\"post-template-item-2268\" class=\"wp-block-post post-2268 podcast type-podcast status-publish has-post-thumbnail hentry series-sangha-of-the-soul-meditation-und-transformation-mit-samarona-buunk\">\n\n<div class=\"wp-block-columns alignwide is-layout-flex wp-container-core-columns-is-layout-9d6595d7 wp-block-columns-is-layout-flex\">\n<div class=\"wp-block-column is-layout-flow wp-block-column-is-layout-flow\" style=\"flex-basis:25%\"><figure class=\"wp-block-post-featured-image\"><a href=\"https:\/\/samarona.com\/nl\/podcast\/was-ist-ein-soulseeker\/\" target=\"_self\"  ><img loading=\"lazy\" decoding=\"async\" width=\"1920\" height=\"1920\" src=\"https:\/\/samarona.com\/wp-content\/uploads\/2024\/09\/Podcast-Cover-Folge-2.jpg\" class=\"attachment-post-thumbnail size-post-thumbnail wp-post-image\" alt=\"Was ist ein Soulseeker?\" style=\"object-fit:cover;\" srcset=\"https:\/\/samarona.com\/wp-content\/uploads\/2024\/09\/Podcast-Cover-Folge-2.jpg 1920w, https:\/\/samarona.com\/wp-content\/uploads\/2024\/09\/Podcast-Cover-Folge-2-300x300.jpg 300w, https:\/\/samarona.com\/wp-content\/uploads\/2024\/09\/Podcast-Cover-Folge-2-1024x1024.jpg 1024w, https:\/\/samarona.com\/wp-content\/uploads\/2024\/09\/Podcast-Cover-Folge-2-150x150.jpg 150w, https:\/\/samarona.com\/wp-content\/uploads\/2024\/09\/Podcast-Cover-Folge-2-768x768.jpg 768w, https:\/\/samarona.com\/wp-content\/uploads\/2024\/09\/Podcast-Cover-Folge-2-1536x1536.jpg 1536w, https:\/\/samarona.com\/wp-content\/uploads\/2024\/09\/Podcast-Cover-Folge-2-75x75.jpg 75w, https:\/\/samarona.com\/wp-content\/uploads\/2024\/09\/Podcast-Cover-Folge-2-600x600.jpg 600w\" sizes=\"auto, (max-width:767px) 600px, (max-width:1920px) 100vw, 1920px\" \/><\/a><\/figure><\/div>\n\n\n\n<div class=\"wp-block-column is-layout-flow wp-block-column-is-layout-flow\" style=\"flex-basis:75%\"><h2 class=\"wp-block-post-title\"><a href=\"https:\/\/samarona.com\/nl\/podcast\/was-ist-ein-soulseeker\/\" target=\"_self\" >Was ist ein Soulseeker?<\/a><\/h2>\n\n<div class=\"wp-block-post-excerpt\"><p class=\"wp-block-post-excerpt__excerpt\">Soulseeker deutet auf jemand, der die Wahrheit und die Bedeutung seiner Seele erfassen m\u00f6chte. Ein Soulseeker, ein Seelensucher ist also jemand, der sich aufmacht um seine<\/p><p class=\"wp-block-post-excerpt__more-text\"><a class=\"wp-block-post-excerpt__more-link\" href=\"https:\/\/samarona.com\/nl\/podcast\/was-ist-ein-soulseeker\/\">Anh\u00f6ren<\/a><\/p><\/div><\/div>\n<\/div>\n\n\n\n<hr class=\"wp-block-separator has-alpha-channel-opacity\"\/>\n\n<\/li><li data-wp-key=\"post-template-item-2245\" class=\"wp-block-post post-2245 podcast type-podcast status-publish has-post-thumbnail hentry series-sangha-of-the-soul-meditation-und-transformation-mit-samarona-buunk\">\n\n<div class=\"wp-block-columns alignwide is-layout-flex wp-container-core-columns-is-layout-9d6595d7 wp-block-columns-is-layout-flex\">\n<div class=\"wp-block-column is-layout-flow wp-block-column-is-layout-flow\" style=\"flex-basis:25%\"><figure class=\"wp-block-post-featured-image\"><a href=\"https:\/\/samarona.com\/nl\/podcast\/was-bedeutet-die-sangha-of-the-soul\/\" target=\"_self\"  ><img loading=\"lazy\" decoding=\"async\" width=\"1920\" height=\"1920\" src=\"https:\/\/samarona.com\/wp-content\/uploads\/2024\/09\/03-1-Folge-Was-bedeutet-die-Sangha-of-the-Soul_-mp3-image.jpg\" class=\"attachment-post-thumbnail size-post-thumbnail wp-post-image\" alt=\"Was bedeutet die Sangha of the Soul?\" style=\"object-fit:cover;\" srcset=\"https:\/\/samarona.com\/wp-content\/uploads\/2024\/09\/03-1-Folge-Was-bedeutet-die-Sangha-of-the-Soul_-mp3-image.jpg 1920w, https:\/\/samarona.com\/wp-content\/uploads\/2024\/09\/03-1-Folge-Was-bedeutet-die-Sangha-of-the-Soul_-mp3-image-300x300.jpg 300w, https:\/\/samarona.com\/wp-content\/uploads\/2024\/09\/03-1-Folge-Was-bedeutet-die-Sangha-of-the-Soul_-mp3-image-1024x1024.jpg 1024w, https:\/\/samarona.com\/wp-content\/uploads\/2024\/09\/03-1-Folge-Was-bedeutet-die-Sangha-of-the-Soul_-mp3-image-150x150.jpg 150w, https:\/\/samarona.com\/wp-content\/uploads\/2024\/09\/03-1-Folge-Was-bedeutet-die-Sangha-of-the-Soul_-mp3-image-768x768.jpg 768w, https:\/\/samarona.com\/wp-content\/uploads\/2024\/09\/03-1-Folge-Was-bedeutet-die-Sangha-of-the-Soul_-mp3-image-1536x1536.jpg 1536w, https:\/\/samarona.com\/wp-content\/uploads\/2024\/09\/03-1-Folge-Was-bedeutet-die-Sangha-of-the-Soul_-mp3-image-75x75.jpg 75w, https:\/\/samarona.com\/wp-content\/uploads\/2024\/09\/03-1-Folge-Was-bedeutet-die-Sangha-of-the-Soul_-mp3-image-600x600.jpg 600w\" sizes=\"auto, (max-width:767px) 600px, (max-width:1920px) 100vw, 1920px\" \/><\/a><\/figure><\/div>\n\n\n\n<div class=\"wp-block-column is-layout-flow wp-block-column-is-layout-flow\" style=\"flex-basis:75%\"><h2 class=\"wp-block-post-title\"><a href=\"https:\/\/samarona.com\/nl\/podcast\/was-bedeutet-die-sangha-of-the-soul\/\" target=\"_self\" >Was bedeutet die Sangha of the Soul?<\/a><\/h2>\n\n<div class=\"wp-block-post-excerpt\"><p class=\"wp-block-post-excerpt__excerpt\">Die Sangha of the Soul ist eine Mysterienschule. Die Praxis die wir hier leisten, hat mit der Aktivierung, Entwicklung und Evolution der Seele zu tun, damit<\/p><p class=\"wp-block-post-excerpt__more-text\"><a class=\"wp-block-post-excerpt__more-link\" href=\"https:\/\/samarona.com\/nl\/podcast\/was-bedeutet-die-sangha-of-the-soul\/\">Anh\u00f6ren<\/a><\/p><\/div><\/div>\n<\/div>\n\n\n\n<hr class=\"wp-block-separator has-alpha-channel-opacity\"\/>\n\n<\/li><\/ul><\/div>\n","protected":false},"excerpt":{"rendered":"<p>Sangha of the Soul&nbsp;ist eine Gemeinschaft&nbsp;&nbsp;von Seelensucher.&nbsp;Die Seele ist das was wir in unsere Tiefe&nbsp;sind. Ein Seelensucher ist jemand,&nbsp;der das Mysterium, was er selbst ist sucht.<span class=\"excerpt-hellip\"> [\u2026]<\/span><\/p>\n","protected":false},"author":1,"featured_media":0,"parent":0,"menu_order":0,"comment_status":"closed","ping_status":"closed","template":"","meta":{"_acf_changed":false,"episode_type":"","audio_file":"","podmotor_file_id":"","podmotor_episode_id":"","cover_image":"","cover_image_id":"","duration":"","filesize":"","filesize_raw":"","date_recorded":"","explicit":"","block":"","itunes_episode_number":"","itunes_title":"","itunes_season_number":"","itunes_episode_type":"","footnotes":""},"class_list":["post-2314","page","type-page","status-publish","hentry"],"acf":[],"yoast_head":"<!-- This site is optimized with the Yoast SEO plugin v27.3 - https:\/\/yoast.com\/product\/yoast-seo-wordpress\/ -->\n<title>Sangha of the Soul - Samarona Buunk<\/title>\n<meta name=\"robots\" content=\"index, follow, max-snippet:-1, max-image-preview:large, max-video-preview:-1\" \/>\n<link rel=\"canonical\" href=\"https:\/\/samarona.com\/nl\/sangha-of-the-soul\/\" \/>\n<meta property=\"og:locale\" content=\"nl_NL\" \/>\n<meta property=\"og:type\" content=\"article\" \/>\n<meta property=\"og:title\" content=\"Sangha of the Soul - Samarona Buunk\" \/>\n<meta property=\"og:description\" content=\"Sangha of the Soul&nbsp;ist eine Gemeinschaft&nbsp;&nbsp;von Seelensucher.&nbsp;Die Seele ist das was wir in unsere Tiefe&nbsp;sind. Ein Seelensucher ist jemand,&nbsp;der das Mysterium, was er selbst ist sucht. [\u2026]\" \/>\n<meta property=\"og:url\" content=\"https:\/\/samarona.com\/nl\/sangha-of-the-soul\/\" \/>\n<meta property=\"og:site_name\" content=\"Samarona Buunk\" \/>\n<meta property=\"og:image\" content=\"https:\/\/samarona.com\/wp-content\/uploads\/2018\/09\/samarona-buunk.jpg\" \/>\n\t<meta property=\"og:image:width\" content=\"1228\" \/>\n\t<meta property=\"og:image:height\" content=\"669\" \/>\n\t<meta property=\"og:image:type\" content=\"image\/jpeg\" \/>\n<meta name=\"twitter:card\" content=\"summary_large_image\" \/>\n<script type=\"application\/ld+json\" class=\"yoast-schema-graph\">{\"@context\":\"https:\\\/\\\/schema.org\",\"@graph\":[{\"@type\":\"WebPage\",\"@id\":\"https:\\\/\\\/samarona.com\\\/nl\\\/sangha-of-the-soul\\\/\",\"url\":\"https:\\\/\\\/samarona.com\\\/nl\\\/sangha-of-the-soul\\\/\",\"name\":\"Sangha of the Soul - Samarona Buunk\",\"isPartOf\":{\"@id\":\"https:\\\/\\\/samarona.com\\\/nl\\\/#website\"},\"datePublished\":\"2024-09-20T10:20:51+00:00\",\"breadcrumb\":{\"@id\":\"https:\\\/\\\/samarona.com\\\/nl\\\/sangha-of-the-soul\\\/#breadcrumb\"},\"inLanguage\":\"nl-NL\",\"potentialAction\":[{\"@type\":\"ReadAction\",\"target\":[\"https:\\\/\\\/samarona.com\\\/nl\\\/sangha-of-the-soul\\\/\"]}]},{\"@type\":\"BreadcrumbList\",\"@id\":\"https:\\\/\\\/samarona.com\\\/nl\\\/sangha-of-the-soul\\\/#breadcrumb\",\"itemListElement\":[{\"@type\":\"ListItem\",\"position\":1,\"name\":\"Startseite\",\"item\":\"https:\\\/\\\/samarona.com\\\/nl\\\/\"},{\"@type\":\"ListItem\",\"position\":2,\"name\":\"Sangha of the Soul\"}]},{\"@type\":\"WebSite\",\"@id\":\"https:\\\/\\\/samarona.com\\\/nl\\\/#website\",\"url\":\"https:\\\/\\\/samarona.com\\\/nl\\\/\",\"name\":\"Samarona Buunk\",\"description\":\"Seminare, Trainings, Einzelsitzungen\",\"potentialAction\":[{\"@type\":\"SearchAction\",\"target\":{\"@type\":\"EntryPoint\",\"urlTemplate\":\"https:\\\/\\\/samarona.com\\\/nl\\\/?s={search_term_string}\"},\"query-input\":{\"@type\":\"PropertyValueSpecification\",\"valueRequired\":true,\"valueName\":\"search_term_string\"}}],\"inLanguage\":\"nl-NL\"}]}<\/script>\n<!-- \/ Yoast SEO plugin. -->","yoast_head_json":{"title":"Sangha of the Soul - Samarona Buunk","robots":{"index":"index","follow":"follow","max-snippet":"max-snippet:-1","max-image-preview":"max-image-preview:large","max-video-preview":"max-video-preview:-1"},"canonical":"https:\/\/samarona.com\/nl\/sangha-of-the-soul\/","og_locale":"nl_NL","og_type":"article","og_title":"Sangha of the Soul - Samarona Buunk","og_description":"Sangha of the Soul&nbsp;ist eine Gemeinschaft&nbsp;&nbsp;von Seelensucher.&nbsp;Die Seele ist das was wir in unsere Tiefe&nbsp;sind. Ein Seelensucher ist jemand,&nbsp;der das Mysterium, was er selbst ist sucht. [\u2026]","og_url":"https:\/\/samarona.com\/nl\/sangha-of-the-soul\/","og_site_name":"Samarona Buunk","og_image":[{"width":1228,"height":669,"url":"https:\/\/samarona.com\/wp-content\/uploads\/2018\/09\/samarona-buunk.jpg","type":"image\/jpeg"}],"twitter_card":"summary_large_image","schema":{"@context":"https:\/\/schema.org","@graph":[{"@type":"WebPage","@id":"https:\/\/samarona.com\/nl\/sangha-of-the-soul\/","url":"https:\/\/samarona.com\/nl\/sangha-of-the-soul\/","name":"Sangha of the Soul - Samarona Buunk","isPartOf":{"@id":"https:\/\/samarona.com\/nl\/#website"},"datePublished":"2024-09-20T10:20:51+00:00","breadcrumb":{"@id":"https:\/\/samarona.com\/nl\/sangha-of-the-soul\/#breadcrumb"},"inLanguage":"nl-NL","potentialAction":[{"@type":"ReadAction","target":["https:\/\/samarona.com\/nl\/sangha-of-the-soul\/"]}]},{"@type":"BreadcrumbList","@id":"https:\/\/samarona.com\/nl\/sangha-of-the-soul\/#breadcrumb","itemListElement":[{"@type":"ListItem","position":1,"name":"Startseite","item":"https:\/\/samarona.com\/nl\/"},{"@type":"ListItem","position":2,"name":"Sangha of the Soul"}]},{"@type":"WebSite","@id":"https:\/\/samarona.com\/nl\/#website","url":"https:\/\/samarona.com\/nl\/","name":"Samarona Buunk","description":"Seminare, Trainings, Einzelsitzungen","potentialAction":[{"@type":"SearchAction","target":{"@type":"EntryPoint","urlTemplate":"https:\/\/samarona.com\/nl\/?s={search_term_string}"},"query-input":{"@type":"PropertyValueSpecification","valueRequired":true,"valueName":"search_term_string"}}],"inLanguage":"nl-NL"}]}},"_links":{"self":[{"href":"https:\/\/samarona.com\/nl\/wp-json\/wp\/v2\/pages\/2314","targetHints":{"allow":["GET"]}}],"collection":[{"href":"https:\/\/samarona.com\/nl\/wp-json\/wp\/v2\/pages"}],"about":[{"href":"https:\/\/samarona.com\/nl\/wp-json\/wp\/v2\/types\/page"}],"author":[{"embeddable":true,"href":"https:\/\/samarona.com\/nl\/wp-json\/wp\/v2\/users\/1"}],"replies":[{"embeddable":true,"href":"https:\/\/samarona.com\/nl\/wp-json\/wp\/v2\/comments?post=2314"}],"version-history":[{"count":0,"href":"https:\/\/samarona.com\/nl\/wp-json\/wp\/v2\/pages\/2314\/revisions"}],"wp:attachment":[{"href":"https:\/\/samarona.com\/nl\/wp-json\/wp\/v2\/media?parent=2314"}],"curies":[{"name":"wp","href":"https:\/\/api.w.org\/{rel}","templated":true}]}}